{"id":108,"date":"2014-03-16T23:04:05","date_gmt":"2014-03-16T22:04:05","guid":{"rendered":"http:\/\/yisac2014.upce.cz\/?page_id=108"},"modified":"2014-06-17T10:11:57","modified_gmt":"2014-06-17T09:11:57","slug":"program","status":"publish","type":"page","link":"https:\/\/yisac2014.upce.cz\/?page_id=108","title":{"rendered":"Programme"},"content":{"rendered":"<p>You can download the YISAC 2014 programme\u00a0<a href=\"https:\/\/yisac2014.upce.cz\/wp-content\/uploads\/2014\/06\/YISAC2014-Programme.pdf\">here<\/a>.<\/p>\n<p><strong>WEDNESDAY, JUNE 25<\/strong><\/p>\n<table width=\"614\">\n<tbody>\n<tr>\n<td style=\"text-align: right;\" width=\"52\">18:00<\/td>\n<td width=\"562\">REGISTRATION &#8211; entrance hall at Faculty of Chemical Technology, Studentsk\u00e1 573, Pardubice (1<sup>st<\/sup> floor)<\/td>\n<\/tr>\n<tr>\n<td style=\"text-align: right;\" width=\"52\">19:00<\/td>\n<td width=\"562\">GET-TOGETHER PARTY<\/td>\n<\/tr>\n<\/tbody>\n<\/table>\n<p>&nbsp;<\/p>\n<p><strong>THURSDAY, JUNE 26<\/strong><\/p>\n<table width=\"614\">\n<tbody>\n<tr>\n<td style=\"text-align: right;\" width=\"52\">8:00<\/td>\n<td width=\"562\">REGISTRATION<\/td>\n<\/tr>\n<tr>\n<td style=\"text-align: right;\" width=\"52\">9:00<\/td>\n<td width=\"562\">OPENING CEREMONY &#8211; lecture hall C1 (1<sup>st<\/sup> floor)<\/td>\n<\/tr>\n<tr>\n<td width=\"52\"><\/td>\n<td width=\"562\"><strong>\u00a0<\/strong><\/td>\n<\/tr>\n<tr>\n<td colspan=\"2\" width=\"614\">SESSION 1, <strong>Electroanalysis I<\/strong>, Chairman: <strong>S\u00fds M.<\/strong><\/td>\n<\/tr>\n<tr>\n<td style=\"text-align: right;\" width=\"52\">9:15<\/td>\n<td width=\"562\"><strong>Brycht M.<\/strong>, Skrzypek S., Smarzewska S., Uslu B., Ozkan S. A.<\/td>\n<\/tr>\n<tr>\n<td width=\"52\"><strong>\u00a0<\/strong><\/td>\n<td width=\"562\"><em>Voltammetric Investigation of Antidepressant Drug Paroxetine at Boron Doped Diamond Electrode<\/em><\/td>\n<\/tr>\n<tr>\n<td style=\"text-align: right;\" width=\"52\">9:35<\/td>\n<td width=\"562\"><strong>Mehmeti E.<\/strong>, Stankovi\u0107 D. M., \u0160vorc \u013d., Kalcher K.<\/td>\n<\/tr>\n<tr>\n<td width=\"52\"><strong>\u00a0<\/strong><\/td>\n<td width=\"562\"><em>Electrochemical Determination of Rauwolfia Alkaloids: Determination of Ajmalicine in Pharmaceutical Formulations Based on a Glassy Carbon Electrode Modified with Gold Nanoparticles<\/em><\/td>\n<\/tr>\n<tr>\n<td style=\"text-align: right;\" width=\"52\">9:55<\/td>\n<td width=\"562\"><strong>Zbilji\u0107 J.<\/strong>, Vajdle O., Prlina B., Guzsv\u00e1ny V., Kalcher K.<\/td>\n<\/tr>\n<tr>\n<td width=\"52\"><strong>\u00a0<\/strong><\/td>\n<td width=\"562\"><em>Monitoring of H<sub>2<\/sub>O<sub>2<\/sub> Content by MnO<sub>2<\/sub> Modified Screen Printed Carbon Electrode During Photo-Fenton and Fenton Based Removal of Acetamiprid<\/em><\/td>\n<\/tr>\n<tr>\n<td style=\"text-align: right;\" width=\"52\">10:15<\/td>\n<td width=\"562\"><strong>Zidaric T.<\/strong>, Jovanovski V., Hocevar S. B.<\/td>\n<\/tr>\n<tr>\n<td width=\"52\"><strong>\u00a0<\/strong><\/td>\n<td width=\"562\"><em>Preparation of Bismuth Particle Electrode (BiPE) for Electrochemical Trace Analysis<\/em><\/td>\n<\/tr>\n<tr>\n<td width=\"52\"><\/td>\n<td width=\"562\"><\/td>\n<\/tr>\n<tr>\n<td style=\"text-align: right;\" width=\"52\">10:35<\/td>\n<td width=\"562\">\u2013 10:55\u00a0 COFFEE BREAK<\/td>\n<\/tr>\n<tr>\n<td width=\"52\"><\/td>\n<td width=\"562\"><strong>\u00a0<\/strong><\/td>\n<\/tr>\n<tr>\n<td colspan=\"2\" width=\"614\">SESSION 2, <strong>Electroanalysis II<\/strong>, Chairlady: <strong>Zbilji\u0107 J.<\/strong><\/td>\n<\/tr>\n<tr>\n<td style=\"text-align: right;\" width=\"52\">10:55<\/td>\n<td width=\"562\"><strong>Maczuga M.<\/strong>, Blum L., Ka\u0142us A., Bobrowski A., Kr\u00f3licka A., Zar\u0119bski J.<\/td>\n<\/tr>\n<tr>\n<td width=\"52\"><strong>\u00a0<\/strong><\/td>\n<td width=\"562\"><em>Determination of Pb(II), Zn(II), Ni(II) and Co(II) in Fly Ash Extracts Using Stripping Voltammetry<\/em><\/td>\n<\/tr>\n<tr>\n<td style=\"text-align: right;\" width=\"52\">11:15<\/td>\n<td width=\"562\"><strong>Vajdle O.<\/strong>, Zbilji\u0107 J., Guzsv\u00e1ny V., Avramov Ivi\u0107 M., Petrovi\u0107 S.<\/td>\n<\/tr>\n<tr>\n<td width=\"52\"><strong>\u00a0<\/strong><\/td>\n<td width=\"562\"><em>Renewable Silver-Amalgam Film Electrode for Voltammetric Determination of Azithromycin, Roxithromycin and Clarithromycin Antibiotics<\/em><\/td>\n<\/tr>\n<tr>\n<td style=\"text-align: right;\" width=\"52\">11:35<\/td>\n<td width=\"562\"><strong>Cerovac S.<\/strong>, Guzsv\u00e1ny V., K\u00f3nya Z., Ashrafi A. M., Kukovecz \u00c1., Vyt\u0159as K.<\/td>\n<\/tr>\n<tr>\n<td width=\"52\"><strong>\u00a0<\/strong><\/td>\n<td width=\"562\"><em>Determination of Trace Metals and Imidacloprid at Carbon Paste Electrode Surface Modified with Antimony Nanoparticle-Multiwalled Carbon Nanotubes Composite<\/em><\/td>\n<\/tr>\n<tr>\n<td style=\"text-align: right;\" width=\"52\">11:55<\/td>\n<td width=\"562\"><strong>S\u00fds M.<\/strong>, Metelka R., Vyt\u0159as K.<\/td>\n<\/tr>\n<tr>\n<td width=\"52\"><strong>\u00a0<\/strong><\/td>\n<td width=\"562\"><em>Amperometric Tyrosinase Carbon Paste Based Biosensor in Food Analysis<\/em><\/td>\n<\/tr>\n<tr>\n<td style=\"text-align: right;\" width=\"52\">12:15<\/td>\n<td width=\"562\"><strong>Zaj\u0105c P.<\/strong>, Bobrowski A., Kluczniak G., Kr\u00f3licka A., Zar\u0119bski J.<\/td>\n<\/tr>\n<tr>\n<td width=\"52\"><strong>\u00a0<\/strong><\/td>\n<td width=\"562\"><em>Voltammetric Methods for Cr(VI) Determination In Leaching Solutions Of Coal Fly Ashes<\/em><\/td>\n<\/tr>\n<tr>\n<td width=\"52\"><\/td>\n<td width=\"562\"><\/td>\n<\/tr>\n<tr>\n<td style=\"text-align: right;\" width=\"52\">12:35<\/td>\n<td width=\"562\">\u2013 14:00\u00a0 LUNCH<\/td>\n<\/tr>\n<tr>\n<td width=\"52\"><\/td>\n<td width=\"562\"><strong>\u00a0<\/strong><\/td>\n<\/tr>\n<tr>\n<td colspan=\"2\" width=\"614\">SESSION 3, <strong>Separation Methods I<\/strong>, Chairlady: <strong>Ov\u010da\u010d\u00edkov\u00e1 M.<\/strong><\/td>\n<\/tr>\n<tr>\n<td style=\"text-align: right;\" width=\"52\">14:00<\/td>\n<td width=\"562\"><strong>Sta\u0148kov\u00e1 M.<\/strong>, Jandera P., H\u00e1jek T.<\/td>\n<\/tr>\n<tr>\n<td width=\"52\"><strong>\u00a0<\/strong><\/td>\n<td width=\"562\"><em>Monolithic Stationary Phases for Hydrophilic Interaction Chromatography<\/em><\/td>\n<\/tr>\n<tr>\n<td style=\"text-align: right;\" width=\"52\">14:20<\/td>\n<td width=\"562\"><strong>Va\u0148kov\u00e1 N.<\/strong>, Szlauerov\u00e1 Z., Fischer J., \u010cesla P.<\/td>\n<\/tr>\n<tr>\n<td width=\"52\"><strong>\u00a0<\/strong><\/td>\n<td width=\"562\"><em>Determination of Fatty Alcohol Ethoxylates in the Elbe and Chrudimka Rivers<\/em><\/td>\n<\/tr>\n<tr>\n<td style=\"text-align: right;\" width=\"52\">14:40<\/td>\n<td width=\"562\"><strong>Hu\u0161 S.<\/strong>, Kolar M., Krajnc P., Podgornik A.<\/td>\n<\/tr>\n<tr>\n<td width=\"52\"><strong>\u00a0<\/strong><\/td>\n<td width=\"562\"><em>Influence of Initiator on the Structure of Poly(Glycidyl Methacrylate) Monoliths<\/em><\/td>\n<\/tr>\n<tr>\n<td style=\"text-align: right;\" width=\"52\">15:00<\/td>\n<td width=\"562\"><strong>Jan\u00e1s P.<\/strong>, Jandera P., H\u00e1jek T.<\/td>\n<\/tr>\n<tr>\n<td width=\"52\"><strong>\u00a0<\/strong><\/td>\n<td width=\"562\"><em>Comparison of the Separation Properties of Diol Based Columns<\/em><\/td>\n<\/tr>\n<tr>\n<td width=\"52\"><\/td>\n<td width=\"562\"><\/td>\n<\/tr>\n<tr>\n<td style=\"text-align: right;\" width=\"52\">15:20<\/td>\n<td width=\"562\">\u2013 15:40\u00a0 COFFEE BREAK<\/td>\n<\/tr>\n<\/tbody>\n<\/table>\n<p>&nbsp;<\/p>\n<table width=\"614\">\n<tbody>\n<tr>\n<td colspan=\"2\" width=\"614\">SESSION 4, <strong>Separation Methods II<\/strong>, Chairman: <strong>Hu\u0161 S.<\/strong><\/td>\n<\/tr>\n<tr>\n<td style=\"text-align: right;\" width=\"52\">15:40<\/td>\n<td width=\"562\"><strong>Kristl A.<\/strong>, Markelj J., Pompe M.<\/td>\n<\/tr>\n<tr>\n<td width=\"52\"><strong>\u00a0<\/strong><\/td>\n<td width=\"562\"><em>Investigation of Various Separation Mechanisms in Ion-Chromatography<\/em><\/td>\n<\/tr>\n<tr>\n<td style=\"text-align: right;\" width=\"52\">16:00<\/td>\n<td width=\"562\"><strong>Mavri\u010d A.<\/strong>, Zupan\u010di\u010d T., Veber M., Pihlar B.<\/td>\n<\/tr>\n<tr>\n<td width=\"52\"><strong>\u00a0<\/strong><\/td>\n<td width=\"562\"><em>Coulometric Separation of Chloride before Anion Determination with Ion Chromatography<\/em><\/td>\n<\/tr>\n<tr>\n<td width=\"52\"><\/td>\n<td width=\"562\"><strong>\u00a0<\/strong><\/td>\n<\/tr>\n<tr>\n<td width=\"52\"><strong>\u00a0<\/strong><\/td>\n<td width=\"562\"><em>\u00a0<\/em><\/td>\n<\/tr>\n<tr>\n<td style=\"text-align: right;\" width=\"52\">19:00<\/td>\n<td width=\"562\">SUPERVISORS DINNER<\/td>\n<\/tr>\n<\/tbody>\n<\/table>\n<p>&nbsp;<\/p>\n<p><strong>FRIDAY, JUNE 27<\/strong><\/p>\n<table width=\"614\">\n<tbody>\n<tr>\n<td colspan=\"2\" width=\"614\">SESSION 5, <strong>Mass Spectrometry I<\/strong>, Chairlady: <strong>Panighello S.<\/strong><\/td>\n<\/tr>\n<tr>\n<td style=\"text-align: right;\" width=\"52\">8:45<\/td>\n<td width=\"562\"><strong>\u010cerven\u00e1 B., <\/strong>C\u00edfkov\u00e1 E., L\u00edsa M., Chagovets V., Hol\u010dapek M., Vost\u00e1lov\u00e1 J., Galuszka J., Hill M.<\/td>\n<\/tr>\n<tr>\n<td width=\"52\"><strong>\u00a0<\/strong><\/td>\n<td width=\"562\"><em>Comprehensive Analysis of Lipids in Samples of CVD Patients<\/em><\/td>\n<\/tr>\n<tr>\n<td style=\"text-align: right;\" width=\"52\">9:05<\/td>\n<td width=\"562\"><strong>Weissengruber S.<\/strong>, Troetzmueller M., Koefeler H., Lankmayr E.<\/td>\n<\/tr>\n<tr>\n<td width=\"52\"><strong>\u00a0<\/strong><\/td>\n<td width=\"562\"><em>Aspects of Selectivity in Lipidomics by LC-MS Analysis<\/em><\/td>\n<\/tr>\n<tr>\n<td style=\"text-align: right;\" width=\"52\">9:25<\/td>\n<td width=\"562\"><strong>\u0160mon A.<\/strong>, Murko S., Repi\u010d Lampret B., Battelino T.<\/td>\n<\/tr>\n<tr>\n<td width=\"52\"><strong>\u00a0<\/strong><\/td>\n<td width=\"562\"><em>Pilot Research for Evaluation of Incidences of Inborn Metabolic Disorders in Slovenia<\/em><\/td>\n<\/tr>\n<tr>\n<td style=\"text-align: right;\" width=\"52\">9:45<\/td>\n<td width=\"562\"><strong>Ov\u010da\u010d\u00edkov\u00e1 M.<\/strong>, C\u00edfkov\u00e1 E., L\u00edsa M., Hol\u010dapek M.<\/td>\n<\/tr>\n<tr>\n<td width=\"52\"><\/td>\n<td width=\"562\"><em>Comprehensive Two-Dimensional Liquid Chromatography \u2013 Mass Spectrometry for Lipidomic Analysis<\/em><\/td>\n<\/tr>\n<tr>\n<td style=\"text-align: right;\" width=\"52\">10:05<\/td>\n<td width=\"562\"><strong>Kremr D.<\/strong>, Bajer T., Bajerov\u00e1 P., Eisner A., Ventura K.<\/td>\n<\/tr>\n<tr>\n<td width=\"52\"><strong>\u00a0<\/strong><\/td>\n<td width=\"562\"><em>A Green Method for the Determination of Capsaicinoids from Chilli Peppers<\/em><\/td>\n<\/tr>\n<tr>\n<td width=\"52\"><\/td>\n<td width=\"562\"><\/td>\n<\/tr>\n<tr>\n<td style=\"text-align: right;\" width=\"52\">10:25<\/td>\n<td width=\"562\">\u2013 10:45\u00a0 COFFEE BREAK<\/td>\n<\/tr>\n<\/tbody>\n<\/table>\n<p>&nbsp;<\/p>\n<table width=\"614\">\n<tbody>\n<tr>\n<td colspan=\"2\" width=\"614\">SESSION 6, <strong>Mass Spectrometry<\/strong> <strong>II<\/strong>, Chairman: <strong>\u0160mon A.<\/strong><\/td>\n<\/tr>\n<tr>\n<td style=\"text-align: right;\" width=\"52\">10:45<\/td>\n<td width=\"562\"><strong>V\u00e1\u0148ov\u00e1 J.<\/strong>, \u010cesla P., Dinisov\u00e1 P., \u010ceslov\u00e1 L., Fischer J.<\/td>\n<\/tr>\n<tr>\n<td width=\"52\"><strong>\u00a0<\/strong><\/td>\n<td width=\"562\"><em>Characterization and Quantification of (Poly)Phenols in <\/em>Sambucus Nigra<em> L. Infusions using MEKC and LC-MS\/MS<\/em><\/td>\n<\/tr>\n<tr>\n<td style=\"text-align: right;\" width=\"52\">11:05<\/td>\n<td width=\"562\"><strong>Jurkovi\u0107 J.<\/strong>, Kolar M., Muhi\u0107-\u0160arac T.<\/td>\n<\/tr>\n<tr>\n<td width=\"52\"><\/td>\n<td width=\"562\"><em>Acid Mine Drainage from an Abandoned Gold Mine Site<\/em><\/td>\n<\/tr>\n<tr>\n<td style=\"text-align: right;\" width=\"52\">11:25<\/td>\n<td width=\"562\"><strong>Bendakovsk\u00e1 L.<\/strong>, Krej\u010dov\u00e1 A., \u010cernohorsk\u00fd T., Zvon\u00ed\u010dkov\u00e1 K.<\/td>\n<\/tr>\n<tr>\n<td width=\"52\"><strong>\u00a0<\/strong><\/td>\n<td width=\"562\"><em>o-TOF-ICP-MS Analysis of Platinum in Algae and Hospital Wastewater<\/em><\/td>\n<\/tr>\n<tr>\n<td style=\"text-align: right;\" width=\"52\">11:45<\/td>\n<td width=\"562\"><strong>Panighello S.<\/strong>, van Elteren J.T., Orsega E.F. and Moretto M.L.<\/td>\n<\/tr>\n<tr>\n<td width=\"52\"><strong>\u00a0<\/strong><\/td>\n<td width=\"562\"><em>Application of Laser Ablation ICP-MS Depth Profiling Methods for the Study of Ancient Glass Artefacts<\/em><\/td>\n<\/tr>\n<tr>\n<td style=\"text-align: right;\" width=\"52\">12:05<\/td>\n<td width=\"562\"><strong>\u0160\u00eddov\u00e1 T.<\/strong>, Hus\u00e1kov\u00e1 L., Urbanov\u00e1 I., \u0160r\u00e1mkov\u00e1 J.<\/td>\n<\/tr>\n<tr>\n<td width=\"52\"><\/td>\n<td width=\"562\"><em>Matrix Modification for Overcoming the Spectral Effects During oTOF-ICP-MS Analysis of Sulfuric Acid<\/em><\/td>\n<\/tr>\n<tr>\n<td width=\"52\"><\/td>\n<td width=\"562\"><\/td>\n<\/tr>\n<tr>\n<td style=\"text-align: right;\" width=\"52\">12:25<\/td>\n<td width=\"562\">\u2013 14:00\u00a0 LUNCH<\/td>\n<\/tr>\n<tr>\n<td width=\"52\"><\/td>\n<td width=\"562\"><\/td>\n<\/tr>\n<tr>\n<td colspan=\"2\" width=\"614\">SESSION 7, <strong>Separation Methods III<\/strong>, Chairlady: <strong>Va\u0148kov\u00e1 N.<\/strong><\/td>\n<\/tr>\n<tr>\n<td style=\"text-align: right;\" width=\"52\">14:00<\/td>\n<td width=\"562\"><strong>\u010c\u00ed\u017ekov\u00e1 A.<\/strong>, Adam M., Surmov\u00e1 S., Ventura K.<\/td>\n<\/tr>\n<tr>\n<td width=\"52\"><strong>\u00a0<\/strong><\/td>\n<td width=\"562\"><em>Analysis of Essential Oils in Herbal Teas by Means of Dispersive Liquid \u2013 Liquid Microextraction Method<\/em><\/td>\n<\/tr>\n<tr>\n<td style=\"text-align: right;\" width=\"52\">14:20<\/td>\n<td width=\"562\"><strong>L\u00edbalov\u00e1 M.<\/strong>, La\u0161tovi\u010dka P., \u010cerm\u00e1k T., \u010cegan A.<\/td>\n<\/tr>\n<tr>\n<td width=\"52\"><strong>\u00a0<\/strong><\/td>\n<td width=\"562\"><em>Determination of the Content of Essential Fatty Acids in EDTA Plasma Type 2 Diabetics<\/em><\/td>\n<\/tr>\n<tr>\n<td style=\"text-align: right;\" width=\"52\">14:40<\/td>\n<td width=\"562\"><strong>Bre\u010dko N.<\/strong>, Kolar M., Ko\u0161ir I. J.<\/td>\n<\/tr>\n<tr>\n<td width=\"52\"><strong>\u00a0<\/strong><\/td>\n<td width=\"562\"><em>The Dynamics of Higher Alcohol and Ester Formation in Fermented Beverages from Barley, Quinoa and Buckwheat Malt<\/em><\/td>\n<\/tr>\n<tr>\n<td style=\"text-align: right;\" width=\"52\">15:00<\/td>\n<td width=\"562\"><strong>Surmov\u00e1 S.<\/strong>, Eisner A., \u010c\u00ed\u017ekov\u00e1 A., Ventura K.<\/td>\n<\/tr>\n<tr>\n<td width=\"52\"><strong>\u00a0<\/strong><\/td>\n<td width=\"562\"><em>Gas Chromatographic Methods for Analysis of Perfumes<\/em><\/td>\n<\/tr>\n<tr>\n<td width=\"52\"><\/td>\n<td width=\"562\"><\/td>\n<\/tr>\n<tr>\n<td style=\"text-align: right;\" width=\"52\">15:20<\/td>\n<td width=\"562\">\u2013 15:40\u00a0 COFFEE BREAK<\/td>\n<\/tr>\n<tr>\n<td width=\"52\"><\/td>\n<td width=\"562\"><strong>\u00a0<\/strong><\/td>\n<\/tr>\n<tr>\n<td colspan=\"2\" width=\"614\">SESSION 8, <strong>Other Methods<\/strong>, Chairlady: <strong>Maczuga M.<\/strong><\/td>\n<\/tr>\n<tr>\n<td style=\"text-align: right;\" width=\"52\">15:40<\/td>\n<td width=\"562\"><strong>Khan Md B.<\/strong>, Masiol M., Formenton G., Di Gioli A., De Gennaro G., Pavoni B.<\/td>\n<\/tr>\n<tr>\n<td width=\"52\"><strong>\u00a0<\/strong><\/td>\n<td width=\"562\"><em>Primary and Secondary Carbonaceous Species in Atmospheric Fine Particles in the Veneto Region, Italy<\/em><\/td>\n<\/tr>\n<tr>\n<td style=\"text-align: right;\" width=\"52\">16:00<\/td>\n<td width=\"562\"><strong>Markelj J.<\/strong>, Veber M., Pompe M.<\/td>\n<\/tr>\n<tr>\n<td width=\"52\"><strong>\u00a0<\/strong><\/td>\n<td width=\"562\"><em>Modeling of Some Key Properties Related to Secondary Organic Aerosol Formation<\/em><\/td>\n<\/tr>\n<tr>\n<td width=\"52\"><strong>\u00a0<\/strong><\/td>\n<td width=\"562\"><em>\u00a0<\/em><\/td>\n<\/tr>\n<tr>\n<td style=\"text-align: right;\" width=\"52\">19:00<\/td>\n<td width=\"562\">CONFERENCE DINNER<\/td>\n<\/tr>\n<tr>\n<td width=\"52\"><\/td>\n<td width=\"562\"><\/td>\n<\/tr>\n<\/tbody>\n<\/table>\n<p>&nbsp;<\/p>\n<p><strong>SATURDAY, JUNE 28<\/strong><\/p>\n<table width=\"605\">\n<tbody>\n<tr>\n<td style=\"text-align: right;\" width=\"52\">9:00<\/td>\n<td width=\"562\">OPTIONAL EXCURSION &#8211; sightseeing tour to old city of Pardubice and castle<\/td>\n<\/tr>\n<\/tbody>\n<\/table>\n<p>&nbsp;<\/p>\n","protected":false},"excerpt":{"rendered":"<p>You can download the YISAC 2014 programme\u00a0here. WEDNESDAY, JUNE 25 18:00 REGISTRATION &#8211; entrance hall at Faculty of Chemical Technology, Studentsk\u00e1 573, Pardubice (1st floor) 19:00 GET-TOGETHER PARTY &nbsp; THURSDAY, JUNE 26 8:00 REGISTRATION 9:00 OPENING CEREMONY &#8211; lecture hall C1 (1st floor) \u00a0 SESSION 1, Electroanalysis I, Chairman: S\u00fds M. 9:15 Brycht M., Skrzypek [&hellip;]<\/p>\n","protected":false},"author":1,"featured_media":0,"parent":0,"menu_order":0,"comment_status":"closed","ping_status":"open","template":"","meta":{"ngg_post_thumbnail":0,"footnotes":""},"class_list":["post-108","page","type-page","status-publish","hentry"],"_links":{"self":[{"href":"https:\/\/yisac2014.upce.cz\/index.php?rest_route=\/wp\/v2\/pages\/108","targetHints":{"allow":["GET"]}}],"collection":[{"href":"https:\/\/yisac2014.upce.cz\/index.php?rest_route=\/wp\/v2\/pages"}],"about":[{"href":"https:\/\/yisac2014.upce.cz\/index.php?rest_route=\/wp\/v2\/types\/page"}],"author":[{"embeddable":true,"href":"https:\/\/yisac2014.upce.cz\/index.php?rest_route=\/wp\/v2\/users\/1"}],"replies":[{"embeddable":true,"href":"https:\/\/yisac2014.upce.cz\/index.php?rest_route=%2Fwp%2Fv2%2Fcomments&post=108"}],"version-history":[{"count":8,"href":"https:\/\/yisac2014.upce.cz\/index.php?rest_route=\/wp\/v2\/pages\/108\/revisions"}],"predecessor-version":[{"id":178,"href":"https:\/\/yisac2014.upce.cz\/index.php?rest_route=\/wp\/v2\/pages\/108\/revisions\/178"}],"wp:attachment":[{"href":"https:\/\/yisac2014.upce.cz\/index.php?rest_route=%2Fwp%2Fv2%2Fmedia&parent=108"}],"curies":[{"name":"wp","href":"https:\/\/api.w.org\/{rel}","templated":true}]}}